{"id":1068,"date":"2024-06-26T18:21:24","date_gmt":"2024-06-26T22:21:24","guid":{"rendered":"https:\/\/hotteblanche.ca\/?page_id=1068"},"modified":"2025-05-21T10:20:32","modified_gmt":"2025-05-21T14:20:32","slug":"politique-de-confidentialite","status":"publish","type":"page","link":"https:\/\/hotteblanche.ca\/en\/politique-de-confidentialite\/","title":{"rendered":"POLITIQUE DE CONFIDENTIALIT\u00c9"},"content":{"rendered":"<div class=\"wp-block-uagb-advanced-heading uagb-block-778a5e66\"><h2 class=\"uagb-heading-text\">Introduction<\/h2><\/div>\n\n\n\n<div class=\"wp-block-uagb-advanced-heading uagb-block-080a7e99\"><p class=\"uagb-heading-text\">Before the development of new communication tools, it is necessary to pay particular attention to the protection of privacy. This is why we are committed to respecting the privacy of the personal information we collect.<\/p><\/div>\n\n\n\n<div class=\"wp-block-uagb-advanced-heading uagb-block-fbb0de6d\"><h2 class=\"uagb-heading-text\">Collection of personal information<\/h2><\/div>\n\n\n\n<ul class=\"wp-block-list\">\n<li>First name<\/li>\n\n\n\n<li>E-mail address<\/li>\n<\/ul>\n\n\n\n<div class=\"wp-block-uagb-advanced-heading uagb-block-74e58d19\"><p class=\"uagb-heading-text\">The personal information that we collect is collected through forms and through the interactivity established between you and our website. We also use, as indicated in the following section, cookies and\/or logs to gather information about you.<\/p><\/div>\n\n\n\n<div class=\"wp-block-uagb-advanced-heading uagb-block-cc0d2e47\"><h2 class=\"uagb-heading-text\">Forms and interactivity:<\/h2><\/div>\n\n\n\n<p>Your personal information is collected through forms, namely :<\/p>\n\n\n\n<p>We use the information collected for the following purposes :<\/p>\n\n\n\n<ul class=\"wp-block-list\">\n<li>Information \/ promotional Offers<\/li>\n\n\n\n<li>Contact<\/li>\n<\/ul>\n\n\n\n<div class=\"wp-block-uagb-advanced-heading uagb-block-e5291ac7\"><p class=\"uagb-heading-text\">Your information is also collected through the interactivity between you and our Web site as follows:<\/p><\/div>\n\n\n\n<div class=\"wp-block-uagb-advanced-heading uagb-block-ee9e5720\"><p class=\"uagb-heading-text\">We use the information collected for the following purposes :<\/p><\/div>\n\n\n\n<ul class=\"wp-block-list\">\n<li>Information or for promotional offers<\/li>\n\n\n\n<li>Statistics<\/li>\n\n\n\n<li>Contact<\/li>\n<\/ul>\n\n\n\n<div class=\"wp-block-uagb-advanced-heading uagb-block-e1fdec49\"><h2 class=\"uagb-heading-text\">Right of opposition and withdrawal<\/h2><\/div>\n\n\n\n<div class=\"wp-block-uagb-advanced-heading uagb-block-ef426c2f\"><p class=\"uagb-heading-text\">We are committed to offering you the right of objection and withdrawal with respect to your personal information.<\/p><\/div>\n\n\n\n<div class=\"wp-block-uagb-advanced-heading uagb-block-0dee5384\"><p class=\"uagb-heading-text\">The right of opposition is understood as the possibility offered to internet users to refuse that their personal information be used for certain purposes mentioned during the collection.<\/p><\/div>\n\n\n\n<div class=\"wp-block-uagb-advanced-heading uagb-block-bf255366\"><p class=\"uagb-heading-text\">The right of withdrawal is defined as the possibility offered to internet users to request that their personal information no longer appear, for example, in a mailing list.<\/p><\/div>\n\n\n\n<div class=\"wp-block-uagb-advanced-heading uagb-block-e4eccb09\"><p class=\"uagb-heading-text\">To exercise these rights, you can :<\/p><\/div>\n\n\n\n<div class=\"wp-block-uagb-advanced-heading uagb-block-2c00db5d\"><p class=\"uagb-heading-text\">Postal Code : J3Y 8Y9<br>E-mail : <a href=\"mailto:contact@hotteblanche.ca\">contact@hotteblanche.ca<\/a><br>Phone : <a href=\"tel:5145626939\">514-562-6939<\/a><br>Section of the website : <a href=\"https:\/\/hotteblanche.ca\/en\/contact\/\">https:\/\/hotteblanche.ca\/contact\/<\/a><\/p><\/div>\n\n\n\n<div class=\"wp-block-uagb-advanced-heading uagb-block-8b0d864d\"><h2 class=\"uagb-heading-text\">Right of access<\/h2><\/div>\n\n\n\n<div class=\"wp-block-uagb-advanced-heading uagb-block-5764264e\"><p class=\"uagb-heading-text\">We are committed to recognizing a right of access and of rectification to the relevant persons wishing to consult, modify or delete information concerning them.<\/p><\/div>\n\n\n\n<div class=\"wp-block-uagb-advanced-heading uagb-block-20e3c240\"><p class=\"uagb-heading-text\">The exercise of this right will be :<\/p><\/div>\n\n\n\n<div class=\"wp-block-uagb-advanced-heading uagb-block-f317d28f\"><p class=\"uagb-heading-text\">Postal Code : J3Y 8Y9<br>E-mail : <a href=\"mailto:contact@hotteblanche.ca\">contact@hotteblanche.ca<\/a><br>Phone : <a href=\"tel:5145626939\">514-562-6939<\/a><br>Section of the website : <a href=\"https:\/\/hotteblanche.ca\/en\/contact\/\">https:\/\/hotteblanche.ca\/contact\/<\/a><\/p><\/div>\n\n\n\n<div class=\"wp-block-uagb-advanced-heading uagb-block-aefc32f2\"><h2 class=\"uagb-heading-text\">Security<\/h2><\/div>\n\n\n\n<div class=\"wp-block-uagb-advanced-heading uagb-block-66d58b30\"><p class=\"uagb-heading-text\">The personal information that we collect is kept in a secure environment. The people working for us are obliged to respect the confidentiality of your information.<\/p><\/div>\n\n\n\n<div class=\"wp-block-uagb-advanced-heading uagb-block-83fe1381\"><p class=\"uagb-heading-text\">To ensure the security of your personal information, we use the following measures :<\/p><\/div>\n\n\n\n<ul class=\"wp-block-list\">\n<li>Protocol SSL<\/li>\n\n\n\n<li>Access management \u2013 authorized person<\/li>\n\n\n\n<li>Access management \u2013 the person concerned<\/li>\n\n\n\n<li>Firewall<\/li>\n<\/ul>\n\n\n\n<div class=\"wp-block-uagb-advanced-heading uagb-block-4924cf81\"><p class=\"uagb-heading-text\">We are committed to maintain a high degree of confidentiality by integrating the latest technological innovations to ensure the confidentiality of your transactions. However, since no mechanism offers maximum security, an element of risk is always present when using the Internet to transmit personal information.<\/p><\/div>\n\n\n\n<div class=\"wp-block-uagb-advanced-heading uagb-block-2592db5d\"><h2 class=\"uagb-heading-text\">Legislation<\/h2><\/div>\n\n\n\n<div class=\"wp-block-uagb-advanced-heading uagb-block-03f4d1db\"><p class=\"uagb-heading-text\">We are committed to adhere to the statutory provisions as set out in :<\/p><\/div>\n\n\n\n<div class=\"wp-block-uagb-advanced-heading uagb-block-b2373c86\"><p class=\"uagb-heading-text\">the Law on the protection of personal information in the private sector of the province of Quebec, as well as in the Law on the protection of personal information and electronic documents Act (canada).<\/p><\/div>","protected":false},"excerpt":{"rendered":"<p>Introduction Devant le d\u00e9veloppement des nouveaux outils de communication, il est n\u00e9cessaire de porter une attention particuli\u00e8re \u00e0 la protection de la vie priv\u00e9e. C\u2019est pourquoi, nous nous engageons \u00e0 respecter la confidentialit\u00e9 des renseignements personnels que nous collectons. Collecte des renseignements personnels Les renseignements personnels que nous collectons sont recueillis au travers de formulaires [&hellip;]<\/p>","protected":false},"author":2,"featured_media":0,"parent":0,"menu_order":0,"comment_status":"closed","ping_status":"closed","template":"","meta":{"_uag_custom_page_level_css":"","_exactmetrics_skip_tracking":false,"_exactmetrics_sitenote_active":false,"_exactmetrics_sitenote_note":"","_exactmetrics_sitenote_category":0,"site-sidebar-layout":"default","site-content-layout":"","ast-site-content-layout":"default","site-content-style":"default","site-sidebar-style":"default","ast-global-header-display":"","ast-banner-title-visibility":"","ast-main-header-display":"","ast-hfb-above-header-display":"","ast-hfb-below-header-display":"","ast-hfb-mobile-header-display":"","site-post-title":"disabled","ast-breadcrumbs-content":"","ast-featured-img":"","footer-sml-layout":"","theme-transparent-header-meta":"","adv-header-id-meta":"","stick-header-meta":"","header-above-stick-meta":"","header-main-stick-meta":"","header-below-stick-meta":"","astra-migrate-meta-layouts":"set","ast-page-background-enabled":"default","ast-page-background-meta":{"desktop":{"background-color":"","background-image":"","background-repeat":"repeat","background-position":"center center","background-size":"auto","background-attachment":"scroll","background-type":"","background-media":"","overlay-type":"","overlay-color":"","overlay-opacity":"","overlay-gradient":""},"tablet":{"background-color":"","background-image":"","background-repeat":"repeat","background-position":"center center","background-size":"auto","background-attachment":"scroll","background-type":"","background-media":"","overlay-type":"","overlay-color":"","overlay-opacity":"","overlay-gradient":""},"mobile":{"background-color":"","background-image":"","background-repeat":"repeat","background-position":"center center","background-size":"auto","background-attachment":"scroll","background-type":"","background-media":"","overlay-type":"","overlay-color":"","overlay-opacity":"","overlay-gradient":""}},"ast-content-background-meta":{"desktop":{"background-color":"var(--ast-global-color-5)","background-image":"","background-repeat":"repeat","background-position":"center center","background-size":"auto","background-attachment":"scroll","background-type":"","background-media":"","overlay-type":"","overlay-color":"","overlay-opacity":"","overlay-gradient":""},"tablet":{"background-color":"var(--ast-global-color-5)","background-image":"","background-repeat":"repeat","background-position":"center center","background-size":"auto","background-attachment":"scroll","background-type":"","background-media":"","overlay-type":"","overlay-color":"","overlay-opacity":"","overlay-gradient":""},"mobile":{"background-color":"var(--ast-global-color-5)","background-image":"","background-repeat":"repeat","background-position":"center center","background-size":"auto","background-attachment":"scroll","background-type":"","background-media":"","overlay-type":"","overlay-color":"","overlay-opacity":"","overlay-gradient":""}},"jetpack_post_was_ever_published":false,"footnotes":""},"class_list":["post-1068","page","type-page","status-publish","hentry"],"yoast_head":"<!-- This site is optimized with the Yoast SEO plugin v25.6 - https:\/\/yoast.com\/wordpress\/plugins\/seo\/ -->\n<title>POLITIQUE DE CONFIDENTIALIT\u00c9 - Hotteblanche<\/title>\n<meta name=\"robots\" content=\"index, follow, max-snippet:-1, max-image-preview:large, max-video-preview:-1\" \/>\n<link rel=\"canonical\" href=\"https:\/\/hotteblanche.ca\/en\/politique-de-confidentialite\/\" \/>\n<meta property=\"og:locale\" content=\"en_US\" \/>\n<meta property=\"og:type\" content=\"article\" \/>\n<meta property=\"og:title\" content=\"POLITIQUE DE CONFIDENTIALIT\u00c9 - Hotteblanche\" \/>\n<meta property=\"og:description\" content=\"Introduction Devant le d\u00e9veloppement des nouveaux outils de communication, il est n\u00e9cessaire de porter une attention particuli\u00e8re \u00e0 la protection de la vie priv\u00e9e. C\u2019est pourquoi, nous nous engageons \u00e0 respecter la confidentialit\u00e9 des renseignements personnels que nous collectons. Collecte des renseignements personnels Les renseignements personnels que nous collectons sont recueillis au travers de formulaires [&hellip;]\" \/>\n<meta property=\"og:url\" content=\"https:\/\/hotteblanche.ca\/en\/politique-de-confidentialite\/\" \/>\n<meta property=\"og:site_name\" content=\"Hotteblanche\" \/>\n<meta property=\"article:modified_time\" content=\"2025-05-21T14:20:32+00:00\" \/>\n<meta name=\"twitter:card\" content=\"summary_large_image\" \/>\n<meta name=\"twitter:label1\" content=\"Est. reading time\" \/>\n\t<meta name=\"twitter:data1\" content=\"3 minutes\" \/>\n<script type=\"application\/ld+json\" class=\"yoast-schema-graph\">{\"@context\":\"https:\/\/schema.org\",\"@graph\":[{\"@type\":\"WebPage\",\"@id\":\"https:\/\/hotteblanche.ca\/politique-de-confidentialite\/\",\"url\":\"https:\/\/hotteblanche.ca\/politique-de-confidentialite\/\",\"name\":\"POLITIQUE DE CONFIDENTIALIT\u00c9 - Hotteblanche\",\"isPartOf\":{\"@id\":\"https:\/\/hotteblanche.ca\/#website\"},\"datePublished\":\"2024-06-26T22:21:24+00:00\",\"dateModified\":\"2025-05-21T14:20:32+00:00\",\"breadcrumb\":{\"@id\":\"https:\/\/hotteblanche.ca\/politique-de-confidentialite\/#breadcrumb\"},\"inLanguage\":\"en-CA\",\"potentialAction\":[{\"@type\":\"ReadAction\",\"target\":[\"https:\/\/hotteblanche.ca\/politique-de-confidentialite\/\"]}]},{\"@type\":\"BreadcrumbList\",\"@id\":\"https:\/\/hotteblanche.ca\/politique-de-confidentialite\/#breadcrumb\",\"itemListElement\":[{\"@type\":\"ListItem\",\"position\":1,\"name\":\"Accueil\",\"item\":\"https:\/\/hotteblanche.ca\/en\/\"},{\"@type\":\"ListItem\",\"position\":2,\"name\":\"POLITIQUE DE CONFIDENTIALIT\u00c9\"}]},{\"@type\":\"WebSite\",\"@id\":\"https:\/\/hotteblanche.ca\/#website\",\"url\":\"https:\/\/hotteblanche.ca\/\",\"name\":\"Hotteblanche\",\"description\":\"Nettoyage de hotte de cuisine, conduits d&#039;air, de trappe a graisse,\",\"potentialAction\":[{\"@type\":\"SearchAction\",\"target\":{\"@type\":\"EntryPoint\",\"urlTemplate\":\"https:\/\/hotteblanche.ca\/?s={search_term_string}\"},\"query-input\":{\"@type\":\"PropertyValueSpecification\",\"valueRequired\":true,\"valueName\":\"search_term_string\"}}],\"inLanguage\":\"en-CA\"}]}<\/script>\n<!-- \/ Yoast SEO plugin. -->","yoast_head_json":{"title":"POLITIQUE DE CONFIDENTIALIT\u00c9 - Hotteblanche","robots":{"index":"index","follow":"follow","max-snippet":"max-snippet:-1","max-image-preview":"max-image-preview:large","max-video-preview":"max-video-preview:-1"},"canonical":"https:\/\/hotteblanche.ca\/en\/politique-de-confidentialite\/","og_locale":"en_US","og_type":"article","og_title":"POLITIQUE DE CONFIDENTIALIT\u00c9 - Hotteblanche","og_description":"Introduction Devant le d\u00e9veloppement des nouveaux outils de communication, il est n\u00e9cessaire de porter une attention particuli\u00e8re \u00e0 la protection de la vie priv\u00e9e. C\u2019est pourquoi, nous nous engageons \u00e0 respecter la confidentialit\u00e9 des renseignements personnels que nous collectons. Collecte des renseignements personnels Les renseignements personnels que nous collectons sont recueillis au travers de formulaires [&hellip;]","og_url":"https:\/\/hotteblanche.ca\/en\/politique-de-confidentialite\/","og_site_name":"Hotteblanche","article_modified_time":"2025-05-21T14:20:32+00:00","twitter_card":"summary_large_image","twitter_misc":{"Est. reading time":"3 minutes"},"schema":{"@context":"https:\/\/schema.org","@graph":[{"@type":"WebPage","@id":"https:\/\/hotteblanche.ca\/politique-de-confidentialite\/","url":"https:\/\/hotteblanche.ca\/politique-de-confidentialite\/","name":"POLITIQUE DE CONFIDENTIALIT\u00c9 - Hotteblanche","isPartOf":{"@id":"https:\/\/hotteblanche.ca\/#website"},"datePublished":"2024-06-26T22:21:24+00:00","dateModified":"2025-05-21T14:20:32+00:00","breadcrumb":{"@id":"https:\/\/hotteblanche.ca\/politique-de-confidentialite\/#breadcrumb"},"inLanguage":"en-CA","potentialAction":[{"@type":"ReadAction","target":["https:\/\/hotteblanche.ca\/politique-de-confidentialite\/"]}]},{"@type":"BreadcrumbList","@id":"https:\/\/hotteblanche.ca\/politique-de-confidentialite\/#breadcrumb","itemListElement":[{"@type":"ListItem","position":1,"name":"Accueil","item":"https:\/\/hotteblanche.ca\/en\/"},{"@type":"ListItem","position":2,"name":"POLITIQUE DE CONFIDENTIALIT\u00c9"}]},{"@type":"WebSite","@id":"https:\/\/hotteblanche.ca\/#website","url":"https:\/\/hotteblanche.ca\/","name":"Hotteblanche","description":"Nettoyage de hotte de cuisine, conduits d&#039;air, de trappe a graisse,","potentialAction":[{"@type":"SearchAction","target":{"@type":"EntryPoint","urlTemplate":"https:\/\/hotteblanche.ca\/?s={search_term_string}"},"query-input":{"@type":"PropertyValueSpecification","valueRequired":true,"valueName":"search_term_string"}}],"inLanguage":"en-CA"}]}},"uagb_featured_image_src":{"full":false,"thumbnail":false,"medium":false,"medium_large":false,"large":false,"1536x1536":false,"2048x2048":false,"trp-custom-language-flag":false,"woocommerce_thumbnail":false,"woocommerce_single":false,"woocommerce_gallery_thumbnail":false,"variation_swatches_image_size":false,"variation_swatches_tooltip_size":false},"uagb_author_info":{"display_name":"5euros","author_link":"https:\/\/hotteblanche.ca\/en\/author\/5euros\/"},"uagb_comment_info":0,"uagb_excerpt":"Introduction Devant le d\u00e9veloppement des nouveaux outils de communication, il est n\u00e9cessaire de porter une attention particuli\u00e8re \u00e0 la protection de la vie priv\u00e9e. C\u2019est pourquoi, nous nous engageons \u00e0 respecter la confidentialit\u00e9 des renseignements personnels que nous collectons. Collecte des renseignements personnels Les renseignements personnels que nous collectons sont recueillis au travers de formulaires&hellip;","jetpack_sharing_enabled":true,"jetpack_shortlink":"https:\/\/wp.me\/PaUOXK-he","_links":{"self":[{"href":"https:\/\/hotteblanche.ca\/en\/wp-json\/wp\/v2\/pages\/1068","targetHints":{"allow":["GET"]}}],"collection":[{"href":"https:\/\/hotteblanche.ca\/en\/wp-json\/wp\/v2\/pages"}],"about":[{"href":"https:\/\/hotteblanche.ca\/en\/wp-json\/wp\/v2\/types\/page"}],"author":[{"embeddable":true,"href":"https:\/\/hotteblanche.ca\/en\/wp-json\/wp\/v2\/users\/2"}],"replies":[{"embeddable":true,"href":"https:\/\/hotteblanche.ca\/en\/wp-json\/wp\/v2\/comments?post=1068"}],"version-history":[{"count":0,"href":"https:\/\/hotteblanche.ca\/en\/wp-json\/wp\/v2\/pages\/1068\/revisions"}],"wp:attachment":[{"href":"https:\/\/hotteblanche.ca\/en\/wp-json\/wp\/v2\/media?parent=1068"}],"curies":[{"name":"wp","href":"https:\/\/api.w.org\/{rel}","templated":true}]}}