{"id":704,"date":"2025-05-20T08:03:20","date_gmt":"2025-05-20T12:03:20","guid":{"rendered":"https:\/\/hotteblanche.ca\/about\/"},"modified":"2025-05-22T04:06:10","modified_gmt":"2025-05-22T08:06:10","slug":"a-propos","status":"publish","type":"page","link":"https:\/\/hotteblanche.ca\/en\/a-propos\/","title":{"rendered":"ABOUT"},"content":{"rendered":"<div class=\"wp-block-uagb-container uagb-block-b54a21f7 alignfull uagb-is-root-container\"><div class=\"uagb-container-inner-blocks-wrap\">\n<div class=\"wp-block-uagb-advanced-heading uagb-block-f6744c67\"><h1 class=\"uagb-heading-text\">ABOUT<\/h1><\/div>\n<\/div><\/div>\n\n\n\n<div class=\"wp-block-uagb-container uagb-block-0c29e122 alignfull uagb-is-root-container\"><div class=\"uagb-container-inner-blocks-wrap\">\n<div class=\"wp-block-uagb-advanced-heading uagb-block-64d75962\"><p class=\"uagb-desc-text\">Hood White is a company that specializes in the cleaning of ventilation systems and extraction for professional kitchen. Experts in the field, you can count on us to deliver quality work. We are meticulous and conscientious.<br><br><strong>We have also developed a range of cleaning services for your kitchens.<\/strong><\/p><\/div>\n\n\n\n<div class=\"wp-block-uagb-container uagb-block-ba0949e7\">\n<div class=\"wp-block-uagb-advanced-heading uagb-block-59dbb62d\"><h5 class=\"uagb-heading-text\">Our history<\/h5><p class=\"uagb-desc-text\">Hood White was created in 2014, and since April 2017, a change of administration puts on the front of the stage our know-how, and allows us to gain market share interesting, especially with a demanding clientele, but that pushes us has set us apart in the industry and to improve our brand image.<br><br>Our client base, mostly composed of restaurants, spread out, from now on the whole of the food industry. A large number of restaurants, institutions and other professionals working in the sector are trusted by Hood White to meet their needs in regard to cleaning of hoods commercial and professional.<\/p><\/div>\n\n\n\n<div class=\"wp-block-uagb-image uagb-block-3fd7359e wp-block-uagb-image--layout-default wp-block-uagb-image--effect-static wp-block-uagb-image--align-none\"><figure class=\"wp-block-uagb-image__figure\"><img decoding=\"async\" srcset=\"https:\/\/hotteblanche.ca\/wp-content\/uploads\/2017\/09\/dac864a6-c1ef-4940-bbec-501e662c3023-original-1024x682.jpeg ,https:\/\/hotteblanche.ca\/wp-content\/uploads\/2017\/09\/dac864a6-c1ef-4940-bbec-501e662c3023-original-e1521383661900.jpeg 780w, https:\/\/hotteblanche.ca\/wp-content\/uploads\/2017\/09\/dac864a6-c1ef-4940-bbec-501e662c3023-original-e1521383661900.jpeg 360w\" sizes=\"auto, (max-width: 480px) 150px\" src=\"https:\/\/hotteblanche.ca\/wp-content\/uploads\/2017\/09\/dac864a6-c1ef-4940-bbec-501e662c3023-original-1024x682.jpeg\" alt=\"\" class=\"uag-image-158\" width=\"1024\" height=\"682\" title=\"fire\" loading=\"lazy\" role=\"img\"\/><\/figure><\/div>\n<\/div>\n<\/div><\/div>\n\n\n\n<div class=\"wp-block-uagb-container uagb-block-7fba1556 alignfull uagb-is-root-container\">\n<div class=\"wp-block-uagb-image uagb-block-fb06e9a2 wp-block-uagb-image--layout-default wp-block-uagb-image--effect-static wp-block-uagb-image--align-none\"><figure class=\"wp-block-uagb-image__figure\"><img decoding=\"async\" srcset=\"https:\/\/hotteblanche.ca\/wp-content\/uploads\/2018\/11\/photo_produits_hottes.jpg ,https:\/\/hotteblanche.ca\/wp-content\/uploads\/2018\/11\/photo_produits_hottes.jpg 780w, https:\/\/hotteblanche.ca\/wp-content\/uploads\/2018\/11\/photo_produits_hottes.jpg 360w\" sizes=\"auto, (max-width: 480px) 150px\" src=\"https:\/\/hotteblanche.ca\/wp-content\/uploads\/2018\/11\/photo_produits_hottes.jpg\" alt=\"\" class=\"uag-image-226\" width=\"1024\" height=\"650\" title=\"photo_produits_hottes\" loading=\"lazy\" role=\"img\"\/><\/figure><\/div>\n<\/div>\n\n\n\n<div class=\"wp-block-uagb-container uagb-block-34e4ad69 alignfull uagb-is-root-container\"><div class=\"uagb-container-inner-blocks-wrap\">\n<div class=\"wp-block-uagb-advanced-heading uagb-block-2aab3c0f\"><p class=\"uagb-desc-text\">Hood White is a company that specializes in the cleaning of ventilation systems and extraction for professional kitchen. Experts in the field, you can count on us to deliver quality work. We are meticulous and conscientious.<\/p><\/div>\n\n\n\n<div class=\"wp-block-uagb-container uagb-block-c4118e5b\">\n<div class=\"wp-block-uagb-advanced-heading uagb-block-533a72dd\"><p class=\"uagb-desc-text\">Regular maintenance of your entire system and vent hood is required because the accumulation of fat in the pipes poses a significant risk of fire.<\/p><\/div>\n\n\n\n<div class=\"wp-block-uagb-advanced-heading uagb-block-61a3a4a3\"><p class=\"uagb-desc-text\">The standards NFPA96 require the maintenance of ventilation systems, professional kitchen, and some of the logistics procedures to see on the extraction systems. According to the National Research Council of Canada, half of the fires in restaurants are due to grease fires. This is why insurance is forcing restaurant owners to regularly clean their hoods by professionals. The frequency of cleaning depends on several factors, including the type of cooking and cooked food. For more information, please do not hesitate to contact us.<\/p><\/div>\n<\/div>\n<\/div><\/div>\n\n\n\n<p><\/p>","protected":false},"excerpt":{"rendered":"<p>\u00c0 PROPOS Hotte Blanche est une compagnie sp\u00e9cialis\u00e9e dans le nettoyage des syst\u00e8mes de ventilation et d\u2019extraction pour cuisine professionnelle. Experts dans le domaine, vous pouvez compter sur nous pour faire un travail de qualit\u00e9. Nous sommes minutieux et consciencieux. Nous avons d\u00e9velopp\u00e9 \u00e9galement toute une gamme de services de nettoyage pour vos cuisines. Notre [&hellip;]<\/p>","protected":false},"author":3,"featured_media":0,"parent":0,"menu_order":0,"comment_status":"closed","ping_status":"closed","template":"","meta":{"_uag_custom_page_level_css":"","_exactmetrics_skip_tracking":false,"_exactmetrics_sitenote_active":false,"_exactmetrics_sitenote_note":"","_exactmetrics_sitenote_category":0,"site-sidebar-layout":"no-sidebar","site-content-layout":"page-builder","ast-site-content-layout":"full-width-container","site-content-style":"unboxed","site-sidebar-style":"unboxed","ast-global-header-display":"","ast-banner-title-visibility":"","ast-main-header-display":"","ast-hfb-above-header-display":"","ast-hfb-below-header-display":"","ast-hfb-mobile-header-display":"","site-post-title":"disabled","ast-breadcrumbs-content":"","ast-featured-img":"","footer-sml-layout":"","theme-transparent-header-meta":"enabled","adv-header-id-meta":"","stick-header-meta":"","header-above-stick-meta":"","header-main-stick-meta":"","header-below-stick-meta":"","astra-migrate-meta-layouts":"set","ast-page-background-enabled":"default","ast-page-background-meta":{"desktop":{"background-color":"","background-image":"","background-repeat":"repeat","background-position":"center center","background-size":"auto","background-attachment":"scroll","background-type":"","background-media":"","overlay-type":"","overlay-color":"","overlay-opacity":"","overlay-gradient":""},"tablet":{"background-color":"","background-image":"","background-repeat":"repeat","background-position":"center center","background-size":"auto","background-attachment":"scroll","background-type":"","background-media":"","overlay-type":"","overlay-color":"","overlay-opacity":"","overlay-gradient":""},"mobile":{"background-color":"","background-image":"","background-repeat":"repeat","background-position":"center center","background-size":"auto","background-attachment":"scroll","background-type":"","background-media":"","overlay-type":"","overlay-color":"","overlay-opacity":"","overlay-gradient":""}},"ast-content-background-meta":{"desktop":{"background-color":"var(--ast-global-color-5)","background-image":"","background-repeat":"repeat","background-position":"center center","background-size":"auto","background-attachment":"scroll","background-type":"","background-media":"","overlay-type":"","overlay-color":"","overlay-opacity":"","overlay-gradient":""},"tablet":{"background-color":"var(--ast-global-color-5)","background-image":"","background-repeat":"repeat","background-position":"center center","background-size":"auto","background-attachment":"scroll","background-type":"","background-media":"","overlay-type":"","overlay-color":"","overlay-opacity":"","overlay-gradient":""},"mobile":{"background-color":"var(--ast-global-color-5)","background-image":"","background-repeat":"repeat","background-position":"center center","background-size":"auto","background-attachment":"scroll","background-type":"","background-media":"","overlay-type":"","overlay-color":"","overlay-opacity":"","overlay-gradient":""}},"jetpack_post_was_ever_published":false,"footnotes":""},"class_list":["post-704","page","type-page","status-publish","hentry"],"yoast_head":"<!-- This site is optimized with the Yoast SEO plugin v25.6 - https:\/\/yoast.com\/wordpress\/plugins\/seo\/ -->\n<title>\u00c0 PROPOS - Hotteblanche<\/title>\n<meta name=\"robots\" content=\"index, follow, max-snippet:-1, max-image-preview:large, max-video-preview:-1\" \/>\n<link rel=\"canonical\" href=\"https:\/\/hotteblanche.ca\/en\/a-propos\/\" \/>\n<meta property=\"og:locale\" content=\"en_US\" \/>\n<meta property=\"og:type\" content=\"article\" \/>\n<meta property=\"og:title\" content=\"\u00c0 PROPOS - Hotteblanche\" \/>\n<meta property=\"og:description\" content=\"\u00c0 PROPOS Hotte Blanche est une compagnie sp\u00e9cialis\u00e9e dans le nettoyage des syst\u00e8mes de ventilation et d\u2019extraction pour cuisine professionnelle. Experts dans le domaine, vous pouvez compter sur nous pour faire un travail de qualit\u00e9. Nous sommes minutieux et consciencieux. Nous avons d\u00e9velopp\u00e9 \u00e9galement toute une gamme de services de nettoyage pour vos cuisines. Notre [&hellip;]\" \/>\n<meta property=\"og:url\" content=\"https:\/\/hotteblanche.ca\/en\/a-propos\/\" \/>\n<meta property=\"og:site_name\" content=\"Hotteblanche\" \/>\n<meta property=\"article:modified_time\" content=\"2025-05-22T08:06:10+00:00\" \/>\n<meta property=\"og:image\" content=\"https:\/\/hotteblanche.ca\/wp-content\/uploads\/2017\/09\/dac864a6-c1ef-4940-bbec-501e662c3023-original-1024x682.jpeg\" \/>\n<meta name=\"twitter:card\" content=\"summary_large_image\" \/>\n<meta name=\"twitter:label1\" content=\"Est. reading time\" \/>\n\t<meta name=\"twitter:data1\" content=\"2 minutes\" \/>\n<script type=\"application\/ld+json\" class=\"yoast-schema-graph\">{\"@context\":\"https:\/\/schema.org\",\"@graph\":[{\"@type\":\"WebPage\",\"@id\":\"https:\/\/hotteblanche.ca\/en\/a-propos\/\",\"url\":\"https:\/\/hotteblanche.ca\/en\/a-propos\/\",\"name\":\"\u00c0 PROPOS - Hotteblanche\",\"isPartOf\":{\"@id\":\"https:\/\/hotteblanche.ca\/#website\"},\"primaryImageOfPage\":{\"@id\":\"https:\/\/hotteblanche.ca\/en\/a-propos\/#primaryimage\"},\"image\":{\"@id\":\"https:\/\/hotteblanche.ca\/en\/a-propos\/#primaryimage\"},\"thumbnailUrl\":\"https:\/\/hotteblanche.ca\/wp-content\/uploads\/2017\/09\/dac864a6-c1ef-4940-bbec-501e662c3023-original-1024x682.jpeg\",\"datePublished\":\"2025-05-20T12:03:20+00:00\",\"dateModified\":\"2025-05-22T08:06:10+00:00\",\"breadcrumb\":{\"@id\":\"https:\/\/hotteblanche.ca\/en\/a-propos\/#breadcrumb\"},\"inLanguage\":\"en-CA\",\"potentialAction\":[{\"@type\":\"ReadAction\",\"target\":[\"https:\/\/hotteblanche.ca\/en\/a-propos\/\"]}]},{\"@type\":\"ImageObject\",\"inLanguage\":\"en-CA\",\"@id\":\"https:\/\/hotteblanche.ca\/en\/a-propos\/#primaryimage\",\"url\":\"https:\/\/hotteblanche.ca\/wp-content\/uploads\/2017\/09\/dac864a6-c1ef-4940-bbec-501e662c3023-original-1024x682.jpeg\",\"contentUrl\":\"https:\/\/hotteblanche.ca\/wp-content\/uploads\/2017\/09\/dac864a6-c1ef-4940-bbec-501e662c3023-original-1024x682.jpeg\"},{\"@type\":\"BreadcrumbList\",\"@id\":\"https:\/\/hotteblanche.ca\/en\/a-propos\/#breadcrumb\",\"itemListElement\":[{\"@type\":\"ListItem\",\"position\":1,\"name\":\"Accueil\",\"item\":\"https:\/\/hotteblanche.ca\/en\/\"},{\"@type\":\"ListItem\",\"position\":2,\"name\":\"\u00c0 PROPOS\"}]},{\"@type\":\"WebSite\",\"@id\":\"https:\/\/hotteblanche.ca\/#website\",\"url\":\"https:\/\/hotteblanche.ca\/\",\"name\":\"Hotteblanche\",\"description\":\"Nettoyage de hotte de cuisine, conduits d&#039;air, de trappe a graisse,\",\"potentialAction\":[{\"@type\":\"SearchAction\",\"target\":{\"@type\":\"EntryPoint\",\"urlTemplate\":\"https:\/\/hotteblanche.ca\/?s={search_term_string}\"},\"query-input\":{\"@type\":\"PropertyValueSpecification\",\"valueRequired\":true,\"valueName\":\"search_term_string\"}}],\"inLanguage\":\"en-CA\"}]}<\/script>\n<!-- \/ Yoast SEO plugin. -->","yoast_head_json":{"title":"\u00c0 PROPOS - Hotteblanche","robots":{"index":"index","follow":"follow","max-snippet":"max-snippet:-1","max-image-preview":"max-image-preview:large","max-video-preview":"max-video-preview:-1"},"canonical":"https:\/\/hotteblanche.ca\/en\/a-propos\/","og_locale":"en_US","og_type":"article","og_title":"\u00c0 PROPOS - Hotteblanche","og_description":"\u00c0 PROPOS Hotte Blanche est une compagnie sp\u00e9cialis\u00e9e dans le nettoyage des syst\u00e8mes de ventilation et d\u2019extraction pour cuisine professionnelle. Experts dans le domaine, vous pouvez compter sur nous pour faire un travail de qualit\u00e9. Nous sommes minutieux et consciencieux. Nous avons d\u00e9velopp\u00e9 \u00e9galement toute une gamme de services de nettoyage pour vos cuisines. Notre [&hellip;]","og_url":"https:\/\/hotteblanche.ca\/en\/a-propos\/","og_site_name":"Hotteblanche","article_modified_time":"2025-05-22T08:06:10+00:00","og_image":[{"url":"https:\/\/hotteblanche.ca\/wp-content\/uploads\/2017\/09\/dac864a6-c1ef-4940-bbec-501e662c3023-original-1024x682.jpeg","type":"","width":"","height":""}],"twitter_card":"summary_large_image","twitter_misc":{"Est. reading time":"2 minutes"},"schema":{"@context":"https:\/\/schema.org","@graph":[{"@type":"WebPage","@id":"https:\/\/hotteblanche.ca\/en\/a-propos\/","url":"https:\/\/hotteblanche.ca\/en\/a-propos\/","name":"\u00c0 PROPOS - Hotteblanche","isPartOf":{"@id":"https:\/\/hotteblanche.ca\/#website"},"primaryImageOfPage":{"@id":"https:\/\/hotteblanche.ca\/en\/a-propos\/#primaryimage"},"image":{"@id":"https:\/\/hotteblanche.ca\/en\/a-propos\/#primaryimage"},"thumbnailUrl":"https:\/\/hotteblanche.ca\/wp-content\/uploads\/2017\/09\/dac864a6-c1ef-4940-bbec-501e662c3023-original-1024x682.jpeg","datePublished":"2025-05-20T12:03:20+00:00","dateModified":"2025-05-22T08:06:10+00:00","breadcrumb":{"@id":"https:\/\/hotteblanche.ca\/en\/a-propos\/#breadcrumb"},"inLanguage":"en-CA","potentialAction":[{"@type":"ReadAction","target":["https:\/\/hotteblanche.ca\/en\/a-propos\/"]}]},{"@type":"ImageObject","inLanguage":"en-CA","@id":"https:\/\/hotteblanche.ca\/en\/a-propos\/#primaryimage","url":"https:\/\/hotteblanche.ca\/wp-content\/uploads\/2017\/09\/dac864a6-c1ef-4940-bbec-501e662c3023-original-1024x682.jpeg","contentUrl":"https:\/\/hotteblanche.ca\/wp-content\/uploads\/2017\/09\/dac864a6-c1ef-4940-bbec-501e662c3023-original-1024x682.jpeg"},{"@type":"BreadcrumbList","@id":"https:\/\/hotteblanche.ca\/en\/a-propos\/#breadcrumb","itemListElement":[{"@type":"ListItem","position":1,"name":"Accueil","item":"https:\/\/hotteblanche.ca\/en\/"},{"@type":"ListItem","position":2,"name":"\u00c0 PROPOS"}]},{"@type":"WebSite","@id":"https:\/\/hotteblanche.ca\/#website","url":"https:\/\/hotteblanche.ca\/","name":"Hotteblanche","description":"Nettoyage de hotte de cuisine, conduits d&#039;air, de trappe a graisse,","potentialAction":[{"@type":"SearchAction","target":{"@type":"EntryPoint","urlTemplate":"https:\/\/hotteblanche.ca\/?s={search_term_string}"},"query-input":{"@type":"PropertyValueSpecification","valueRequired":true,"valueName":"search_term_string"}}],"inLanguage":"en-CA"}]}},"uagb_featured_image_src":{"full":false,"thumbnail":false,"medium":false,"medium_large":false,"large":false,"1536x1536":false,"2048x2048":false,"trp-custom-language-flag":false,"woocommerce_thumbnail":false,"woocommerce_single":false,"woocommerce_gallery_thumbnail":false,"variation_swatches_image_size":false,"variation_swatches_tooltip_size":false},"uagb_author_info":{"display_name":"Elias","author_link":"https:\/\/hotteblanche.ca\/en\/author\/elias\/"},"uagb_comment_info":0,"uagb_excerpt":"\u00c0 PROPOS Hotte Blanche est une compagnie sp\u00e9cialis\u00e9e dans le nettoyage des syst\u00e8mes de ventilation et d\u2019extraction pour cuisine professionnelle. Experts dans le domaine, vous pouvez compter sur nous pour faire un travail de qualit\u00e9. Nous sommes minutieux et consciencieux. Nous avons d\u00e9velopp\u00e9 \u00e9galement toute une gamme de services de nettoyage pour vos cuisines. Notre&hellip;","jetpack_sharing_enabled":true,"jetpack_shortlink":"https:\/\/wp.me\/PaUOXK-bm","_links":{"self":[{"href":"https:\/\/hotteblanche.ca\/en\/wp-json\/wp\/v2\/pages\/704","targetHints":{"allow":["GET"]}}],"collection":[{"href":"https:\/\/hotteblanche.ca\/en\/wp-json\/wp\/v2\/pages"}],"about":[{"href":"https:\/\/hotteblanche.ca\/en\/wp-json\/wp\/v2\/types\/page"}],"author":[{"embeddable":true,"href":"https:\/\/hotteblanche.ca\/en\/wp-json\/wp\/v2\/users\/3"}],"replies":[{"embeddable":true,"href":"https:\/\/hotteblanche.ca\/en\/wp-json\/wp\/v2\/comments?post=704"}],"version-history":[{"count":0,"href":"https:\/\/hotteblanche.ca\/en\/wp-json\/wp\/v2\/pages\/704\/revisions"}],"wp:attachment":[{"href":"https:\/\/hotteblanche.ca\/en\/wp-json\/wp\/v2\/media?parent=704"}],"curies":[{"name":"wp","href":"https:\/\/api.w.org\/{rel}","templated":true}]}}