{"id":2091,"date":"2025-05-21T07:26:55","date_gmt":"2025-05-21T11:26:55","guid":{"rendered":"https:\/\/hotteblanche.ca\/?post_type=product&#038;p=2091"},"modified":"2025-07-31T12:29:37","modified_gmt":"2025-07-31T16:29:37","slug":"hotix-3","status":"publish","type":"product","link":"https:\/\/hotteblanche.ca\/en\/product\/hotix-3\/","title":{"rendered":"HOTIX 3 - Prenium Dish Soap"},"content":{"rendered":"","protected":false},"excerpt":{"rendered":"<p>Ideal for our restaurant customers or in the professional kitchen industry, this product is a concentrated biodegradable degreaser formula for manually cleaning your dishes<\/p>\n<p><em>Made and bottled here on the South Shore of Montreal<\/em><\/p>","protected":false},"featured_media":1883,"template":"","meta":{"_uag_custom_page_level_css":"","_exactmetrics_skip_tracking":false,"_exactmetrics_sitenote_active":false,"_exactmetrics_sitenote_note":"","_exactmetrics_sitenote_category":0,"site-sidebar-layout":"default","site-content-layout":"","ast-site-content-layout":"default","site-content-style":"default","site-sidebar-style":"default","ast-global-header-display":"","ast-banner-title-visibility":"","ast-main-header-display":"","ast-hfb-above-header-display":"","ast-hfb-below-header-display":"","ast-hfb-mobile-header-display":"","site-post-title":"","ast-breadcrumbs-content":"","ast-featured-img":"","footer-sml-layout":"","theme-transparent-header-meta":"default","adv-header-id-meta":"","stick-header-meta":"default","header-above-stick-meta":"","header-main-stick-meta":"","header-below-stick-meta":"","astra-migrate-meta-layouts":"set","ast-page-background-enabled":"default","ast-page-background-meta":{"desktop":{"background-color":"","background-image":"","background-repeat":"repeat","background-position":"center center","background-size":"auto","background-attachment":"scroll","background-type":"","background-media":"","overlay-type":"","overlay-color":"","overlay-opacity":"","overlay-gradient":""},"tablet":{"background-color":"","background-image":"","background-repeat":"repeat","background-position":"center center","background-size":"auto","background-attachment":"scroll","background-type":"","background-media":"","overlay-type":"","overlay-color":"","overlay-opacity":"","overlay-gradient":""},"mobile":{"background-color":"","background-image":"","background-repeat":"repeat","background-position":"center center","background-size":"auto","background-attachment":"scroll","background-type":"","background-media":"","overlay-type":"","overlay-color":"","overlay-opacity":"","overlay-gradient":""}},"ast-content-background-meta":{"desktop":{"background-color":"var(--ast-global-color-5)","background-image":"","background-repeat":"repeat","background-position":"center center","background-size":"auto","background-attachment":"scroll","background-type":"","background-media":"","overlay-type":"","overlay-color":"","overlay-opacity":"","overlay-gradient":""},"tablet":{"background-color":"var(--ast-global-color-5)","background-image":"","background-repeat":"repeat","background-position":"center center","background-size":"auto","background-attachment":"scroll","background-type":"","background-media":"","overlay-type":"","overlay-color":"","overlay-opacity":"","overlay-gradient":""},"mobile":{"background-color":"var(--ast-global-color-5)","background-image":"","background-repeat":"repeat","background-position":"center center","background-size":"auto","background-attachment":"scroll","background-type":"","background-media":"","overlay-type":"","overlay-color":"","overlay-opacity":"","overlay-gradient":""}},"jetpack_post_was_ever_published":false,"jetpack_publicize_message":"","jetpack_publicize_feature_enabled":true,"jetpack_social_post_already_shared":true,"jetpack_social_options":{"image_generator_settings":{"template":"highway","default_image_id":0,"enabled":false},"version":2}},"product_brand":[],"product_cat":[33,32,29],"product_tag":[],"class_list":{"0":"post-2091","1":"product","2":"type-product","3":"status-publish","4":"has-post-thumbnail","6":"product_cat-commercial","7":"product_cat-cuisine","8":"product_cat-produits-sanitaire","9":"desktop-align-left","10":"tablet-align-left","11":"mobile-align-left","12":"ast-product-gallery-layout-horizontal-slider","13":"ast-product-gallery-with-no-image","14":"ast-product-single-variable","15":"ast-product-tabs-layout-horizontal","17":"first","18":"instock","19":"taxable","20":"shipping-taxable","21":"purchasable","22":"product-type-variable"},"yoast_head":"<!-- This site is optimized with the Yoast SEO plugin v25.6 - https:\/\/yoast.com\/wordpress\/plugins\/seo\/ -->\n<title>HOTIX 3 - Savon pour vaisselles Prenium - Hotteblanche<\/title>\n<meta name=\"robots\" content=\"index, follow, max-snippet:-1, max-image-preview:large, max-video-preview:-1\" \/>\n<link rel=\"canonical\" href=\"https:\/\/hotteblanche.ca\/en\/product\/hotix-3\/\" \/>\n<meta property=\"og:locale\" content=\"en_US\" \/>\n<meta property=\"og:type\" content=\"article\" \/>\n<meta property=\"og:title\" content=\"HOTIX 3 - Savon pour vaisselles Prenium - Hotteblanche\" \/>\n<meta property=\"og:description\" content=\"Ideal pour nos clients restaurateurs ou dans l\u2019industrie de la cuisine professionnelle, ce produit est une formule d\u00e9graissante concentr\u00e9e biod\u00e9gradable pour nettoyer manuellement vos vaisselles.  Fabriqu\u00e9 et embouteill\u00e9 ici sur la rive sud de Montr\u00e9al\" \/>\n<meta property=\"og:url\" content=\"https:\/\/hotteblanche.ca\/en\/product\/hotix-3\/\" \/>\n<meta property=\"og:site_name\" content=\"Hotteblanche\" \/>\n<meta property=\"article:modified_time\" content=\"2025-07-31T16:29:37+00:00\" \/>\n<meta property=\"og:image\" content=\"https:\/\/hotteblanche.ca\/wp-content\/uploads\/2025\/05\/3-4L.webp\" \/>\n\t<meta property=\"og:image:width\" content=\"2048\" \/>\n\t<meta property=\"og:image:height\" content=\"2048\" \/>\n\t<meta property=\"og:image:type\" content=\"image\/webp\" \/>\n<meta name=\"twitter:card\" content=\"summary_large_image\" \/>\n<meta name=\"twitter:label1\" content=\"Est. reading time\" \/>\n\t<meta name=\"twitter:data1\" content=\"1 minute\" \/>\n<script type=\"application\/ld+json\" class=\"yoast-schema-graph\">{\"@context\":\"https:\/\/schema.org\",\"@graph\":[{\"@type\":\"WebPage\",\"@id\":\"https:\/\/hotteblanche.ca\/product\/hotix-3\/\",\"url\":\"https:\/\/hotteblanche.ca\/product\/hotix-3\/\",\"name\":\"HOTIX 3 - Savon pour vaisselles Prenium - Hotteblanche\",\"isPartOf\":{\"@id\":\"https:\/\/hotteblanche.ca\/#website\"},\"primaryImageOfPage\":{\"@id\":\"https:\/\/hotteblanche.ca\/product\/hotix-3\/#primaryimage\"},\"image\":{\"@id\":\"https:\/\/hotteblanche.ca\/product\/hotix-3\/#primaryimage\"},\"thumbnailUrl\":\"https:\/\/hotteblanche.ca\/wp-content\/uploads\/2025\/05\/3-4L.webp\",\"datePublished\":\"2025-05-21T11:26:55+00:00\",\"dateModified\":\"2025-07-31T16:29:37+00:00\",\"breadcrumb\":{\"@id\":\"https:\/\/hotteblanche.ca\/product\/hotix-3\/#breadcrumb\"},\"inLanguage\":\"en-CA\",\"potentialAction\":[{\"@type\":\"ReadAction\",\"target\":[\"https:\/\/hotteblanche.ca\/product\/hotix-3\/\"]}]},{\"@type\":\"ImageObject\",\"inLanguage\":\"en-CA\",\"@id\":\"https:\/\/hotteblanche.ca\/product\/hotix-3\/#primaryimage\",\"url\":\"https:\/\/hotteblanche.ca\/wp-content\/uploads\/2025\/05\/3-4L.webp\",\"contentUrl\":\"https:\/\/hotteblanche.ca\/wp-content\/uploads\/2025\/05\/3-4L.webp\",\"width\":2048,\"height\":2048,\"caption\":\"3-4L\"},{\"@type\":\"BreadcrumbList\",\"@id\":\"https:\/\/hotteblanche.ca\/product\/hotix-3\/#breadcrumb\",\"itemListElement\":[{\"@type\":\"ListItem\",\"position\":1,\"name\":\"Accueil\",\"item\":\"https:\/\/hotteblanche.ca\/en\/\"},{\"@type\":\"ListItem\",\"position\":2,\"name\":\"Boutique\",\"item\":\"https:\/\/hotteblanche.ca\/en\/boutique\/\"},{\"@type\":\"ListItem\",\"position\":3,\"name\":\"HOTIX 3 &#8211; Savon pour vaisselles Prenium\"}]},{\"@type\":\"WebSite\",\"@id\":\"https:\/\/hotteblanche.ca\/#website\",\"url\":\"https:\/\/hotteblanche.ca\/\",\"name\":\"Hotteblanche\",\"description\":\"Nettoyage de hotte de cuisine, conduits d&#039;air, de trappe a graisse,\",\"potentialAction\":[{\"@type\":\"SearchAction\",\"target\":{\"@type\":\"EntryPoint\",\"urlTemplate\":\"https:\/\/hotteblanche.ca\/?s={search_term_string}\"},\"query-input\":{\"@type\":\"PropertyValueSpecification\",\"valueRequired\":true,\"valueName\":\"search_term_string\"}}],\"inLanguage\":\"en-CA\"}]}<\/script>\n<!-- \/ Yoast SEO plugin. -->","yoast_head_json":{"title":"HOTIX 3 - Savon pour vaisselles Prenium - Hotteblanche","robots":{"index":"index","follow":"follow","max-snippet":"max-snippet:-1","max-image-preview":"max-image-preview:large","max-video-preview":"max-video-preview:-1"},"canonical":"https:\/\/hotteblanche.ca\/en\/product\/hotix-3\/","og_locale":"en_US","og_type":"article","og_title":"HOTIX 3 - Savon pour vaisselles Prenium - Hotteblanche","og_description":"Ideal pour nos clients restaurateurs ou dans l\u2019industrie de la cuisine professionnelle, ce produit est une formule d\u00e9graissante concentr\u00e9e biod\u00e9gradable pour nettoyer manuellement vos vaisselles.  Fabriqu\u00e9 et embouteill\u00e9 ici sur la rive sud de Montr\u00e9al","og_url":"https:\/\/hotteblanche.ca\/en\/product\/hotix-3\/","og_site_name":"Hotteblanche","article_modified_time":"2025-07-31T16:29:37+00:00","og_image":[{"width":2048,"height":2048,"url":"https:\/\/hotteblanche.ca\/wp-content\/uploads\/2025\/05\/3-4L.webp","type":"image\/webp"}],"twitter_card":"summary_large_image","twitter_misc":{"Est. reading time":"1 minute"},"schema":{"@context":"https:\/\/schema.org","@graph":[{"@type":"WebPage","@id":"https:\/\/hotteblanche.ca\/product\/hotix-3\/","url":"https:\/\/hotteblanche.ca\/product\/hotix-3\/","name":"HOTIX 3 - Savon pour vaisselles Prenium - Hotteblanche","isPartOf":{"@id":"https:\/\/hotteblanche.ca\/#website"},"primaryImageOfPage":{"@id":"https:\/\/hotteblanche.ca\/product\/hotix-3\/#primaryimage"},"image":{"@id":"https:\/\/hotteblanche.ca\/product\/hotix-3\/#primaryimage"},"thumbnailUrl":"https:\/\/hotteblanche.ca\/wp-content\/uploads\/2025\/05\/3-4L.webp","datePublished":"2025-05-21T11:26:55+00:00","dateModified":"2025-07-31T16:29:37+00:00","breadcrumb":{"@id":"https:\/\/hotteblanche.ca\/product\/hotix-3\/#breadcrumb"},"inLanguage":"en-CA","potentialAction":[{"@type":"ReadAction","target":["https:\/\/hotteblanche.ca\/product\/hotix-3\/"]}]},{"@type":"ImageObject","inLanguage":"en-CA","@id":"https:\/\/hotteblanche.ca\/product\/hotix-3\/#primaryimage","url":"https:\/\/hotteblanche.ca\/wp-content\/uploads\/2025\/05\/3-4L.webp","contentUrl":"https:\/\/hotteblanche.ca\/wp-content\/uploads\/2025\/05\/3-4L.webp","width":2048,"height":2048,"caption":"3-4L"},{"@type":"BreadcrumbList","@id":"https:\/\/hotteblanche.ca\/product\/hotix-3\/#breadcrumb","itemListElement":[{"@type":"ListItem","position":1,"name":"Accueil","item":"https:\/\/hotteblanche.ca\/en\/"},{"@type":"ListItem","position":2,"name":"Boutique","item":"https:\/\/hotteblanche.ca\/en\/boutique\/"},{"@type":"ListItem","position":3,"name":"HOTIX 3 &#8211; Savon pour vaisselles Prenium"}]},{"@type":"WebSite","@id":"https:\/\/hotteblanche.ca\/#website","url":"https:\/\/hotteblanche.ca\/","name":"Hotteblanche","description":"Nettoyage de hotte de cuisine, conduits d&#039;air, de trappe a graisse,","potentialAction":[{"@type":"SearchAction","target":{"@type":"EntryPoint","urlTemplate":"https:\/\/hotteblanche.ca\/?s={search_term_string}"},"query-input":{"@type":"PropertyValueSpecification","valueRequired":true,"valueName":"search_term_string"}}],"inLanguage":"en-CA"}]}},"jetpack_publicize_connections":[],"uagb_featured_image_src":{"full":["https:\/\/hotteblanche.ca\/wp-content\/uploads\/2025\/05\/3-4L.webp",2048,2048,false],"thumbnail":["https:\/\/hotteblanche.ca\/wp-content\/uploads\/2025\/05\/3-4L-150x150.webp",150,150,true],"medium":["https:\/\/hotteblanche.ca\/wp-content\/uploads\/2025\/05\/3-4L-300x300.webp",300,300,true],"medium_large":["https:\/\/hotteblanche.ca\/wp-content\/uploads\/2025\/05\/3-4L-768x768.webp",768,768,true],"large":["https:\/\/hotteblanche.ca\/wp-content\/uploads\/2025\/05\/3-4L-1024x1024.webp",1024,1024,true],"1536x1536":["https:\/\/hotteblanche.ca\/wp-content\/uploads\/2025\/05\/3-4L-1536x1536.webp",1536,1536,true],"2048x2048":["https:\/\/hotteblanche.ca\/wp-content\/uploads\/2025\/05\/3-4L.webp",2048,2048,false],"trp-custom-language-flag":["https:\/\/hotteblanche.ca\/wp-content\/uploads\/2025\/05\/3-4L.webp",12,12,false],"woocommerce_thumbnail":["https:\/\/hotteblanche.ca\/wp-content\/uploads\/2025\/05\/3-4L-300x300.webp",300,300,true],"woocommerce_single":["https:\/\/hotteblanche.ca\/wp-content\/uploads\/2025\/05\/3-4L-600x600.webp",600,600,true],"woocommerce_gallery_thumbnail":["https:\/\/hotteblanche.ca\/wp-content\/uploads\/2025\/05\/3-4L-100x100.webp",100,100,true],"variation_swatches_image_size":["https:\/\/hotteblanche.ca\/wp-content\/uploads\/2025\/05\/3-4L.webp",50,50,false],"variation_swatches_tooltip_size":["https:\/\/hotteblanche.ca\/wp-content\/uploads\/2025\/05\/3-4L.webp",100,100,false]},"uagb_author_info":{"display_name":"Elias","author_link":"https:\/\/hotteblanche.ca\/en\/author\/"},"uagb_comment_info":0,"uagb_excerpt":"Ideal pour nos clients restaurateurs ou dans l\u2019industrie de la cuisine professionnelle, ce produit est une formule d\u00e9graissante concentr\u00e9e biod\u00e9gradable pour nettoyer manuellement vos vaisselles. Fabriqu\u00e9 et embouteill\u00e9 ici sur la rive sud de Montr\u00e9al","jetpack_sharing_enabled":true,"_links":{"self":[{"href":"https:\/\/hotteblanche.ca\/en\/wp-json\/wp\/v2\/product\/2091","targetHints":{"allow":["GET"]}}],"collection":[{"href":"https:\/\/hotteblanche.ca\/en\/wp-json\/wp\/v2\/product"}],"about":[{"href":"https:\/\/hotteblanche.ca\/en\/wp-json\/wp\/v2\/types\/product"}],"wp:featuredmedia":[{"embeddable":true,"href":"https:\/\/hotteblanche.ca\/en\/wp-json\/wp\/v2\/media\/1883"}],"wp:attachment":[{"href":"https:\/\/hotteblanche.ca\/en\/wp-json\/wp\/v2\/media?parent=2091"}],"wp:term":[{"taxonomy":"product_brand","embeddable":true,"href":"https:\/\/hotteblanche.ca\/en\/wp-json\/wp\/v2\/product_brand?post=2091"},{"taxonomy":"product_cat","embeddable":true,"href":"https:\/\/hotteblanche.ca\/en\/wp-json\/wp\/v2\/product_cat?post=2091"},{"taxonomy":"product_tag","embeddable":true,"href":"https:\/\/hotteblanche.ca\/en\/wp-json\/wp\/v2\/product_tag?post=2091"}],"curies":[{"name":"wp","href":"https:\/\/api.w.org\/{rel}","templated":true}]}}